{"id":32875,"date":"2024-10-30T20:27:15","date_gmt":"2024-10-30T20:27:15","guid":{"rendered":"https:\/\/bahwesh.com\/product\/kirmizi-erkek-sweatshirt\/"},"modified":"2026-03-14T01:46:58","modified_gmt":"2026-03-13T22:46:58","slug":"kirmizi-erkek-sweatshirt","status":"publish","type":"product","link":"https:\/\/bahwesh.com\/ar\/product\/kirmizi-erkek-sweatshirt\/","title":{"rendered":"K\u0131rm\u0131z\u0131 Erkek Sweatshirt"},"content":{"rendered":"<p>Size: M, Weight: NA, Height: NA<\/p>\n","protected":false},"excerpt":{"rendered":"<p>Size: M, Weight: NA, Height: NA<\/p>\n","protected":false},"featured_media":32874,"template":"","meta":[],"product_brand":[],"product_cat":[383],"product_tag":[],"class_list":{"0":"post-32875","1":"product","2":"type-product","3":"status-publish","4":"has-post-thumbnail","6":"product_cat-tyd-ar","8":"first","9":"instock","10":"shipping-taxable","11":"purchasable","12":"product-type-simple"},"_links":{"self":[{"href":"https:\/\/bahwesh.com\/ar\/wp-json\/wp\/v2\/product\/32875","targetHints":{"allow":["GET"]}}],"collection":[{"href":"https:\/\/bahwesh.com\/ar\/wp-json\/wp\/v2\/product"}],"about":[{"href":"https:\/\/bahwesh.com\/ar\/wp-json\/wp\/v2\/types\/product"}],"wp:featuredmedia":[{"embeddable":true,"href":"https:\/\/bahwesh.com\/ar\/wp-json\/wp\/v2\/media\/32874"}],"wp:attachment":[{"href":"https:\/\/bahwesh.com\/ar\/wp-json\/wp\/v2\/media?parent=32875"}],"wp:term":[{"taxonomy":"product_brand","embeddable":true,"href":"https:\/\/bahwesh.com\/ar\/wp-json\/wp\/v2\/product_brand?post=32875"},{"taxonomy":"product_cat","embeddable":true,"href":"https:\/\/bahwesh.com\/ar\/wp-json\/wp\/v2\/product_cat?post=32875"},{"taxonomy":"product_tag","embeddable":true,"href":"https:\/\/bahwesh.com\/ar\/wp-json\/wp\/v2\/product_tag?post=32875"}],"curies":[{"name":"wp","href":"https:\/\/api.w.org\/{rel}","templated":true}]}}