{"id":32864,"date":"2024-10-30T20:00:48","date_gmt":"2024-10-30T20:00:48","guid":{"rendered":"https:\/\/bahwesh.com\/product\/dugmeli-yaka-yesil-erkek-gomlek-nova022k\/"},"modified":"2026-03-16T01:46:17","modified_gmt":"2026-03-15T22:46:17","slug":"dugmeli-yaka-yesil-erkek-gomlek-nova022k","status":"publish","type":"product","link":"https:\/\/bahwesh.com\/ar\/product\/dugmeli-yaka-yesil-erkek-gomlek-nova022k\/","title":{"rendered":"D\u00fc\u011fmeli Yaka Ye\u015fil Erkek G\u00f6mlek Nova022k"},"content":{"rendered":"<p>Size: M, Weight: NA, Height: NA<\/p>\n","protected":false},"excerpt":{"rendered":"<p>Size: M, Weight: NA, Height: NA<\/p>\n","protected":false},"featured_media":32863,"template":"","meta":[],"product_brand":[],"product_cat":[383],"product_tag":[],"class_list":{"0":"post-32864","1":"product","2":"type-product","3":"status-publish","4":"has-post-thumbnail","6":"product_cat-tyd-ar","8":"first","9":"instock","10":"shipping-taxable","11":"purchasable","12":"product-type-simple"},"_links":{"self":[{"href":"https:\/\/bahwesh.com\/ar\/wp-json\/wp\/v2\/product\/32864","targetHints":{"allow":["GET"]}}],"collection":[{"href":"https:\/\/bahwesh.com\/ar\/wp-json\/wp\/v2\/product"}],"about":[{"href":"https:\/\/bahwesh.com\/ar\/wp-json\/wp\/v2\/types\/product"}],"wp:featuredmedia":[{"embeddable":true,"href":"https:\/\/bahwesh.com\/ar\/wp-json\/wp\/v2\/media\/32863"}],"wp:attachment":[{"href":"https:\/\/bahwesh.com\/ar\/wp-json\/wp\/v2\/media?parent=32864"}],"wp:term":[{"taxonomy":"product_brand","embeddable":true,"href":"https:\/\/bahwesh.com\/ar\/wp-json\/wp\/v2\/product_brand?post=32864"},{"taxonomy":"product_cat","embeddable":true,"href":"https:\/\/bahwesh.com\/ar\/wp-json\/wp\/v2\/product_cat?post=32864"},{"taxonomy":"product_tag","embeddable":true,"href":"https:\/\/bahwesh.com\/ar\/wp-json\/wp\/v2\/product_tag?post=32864"}],"curies":[{"name":"wp","href":"https:\/\/api.w.org\/{rel}","templated":true}]}}